{"id":57,"date":"2018-05-04T00:36:01","date_gmt":"2018-05-03T23:36:01","guid":{"rendered":"http:\/\/cvjm-stadtroda.de\/?page_id=57"},"modified":"2018-05-23T08:34:41","modified_gmt":"2018-05-23T07:34:41","slug":"anfahrt","status":"publish","type":"page","link":"https:\/\/cvjm-stadtroda.de\/?page_id=57","title":{"rendered":"Anfahrt"},"content":{"rendered":"<p>Die Anfahrt zum Vereinsgel\u00e4nde erfolgt am Besten \u00fcber den Waldweg am Ortsausgang Stadtroda Richtung Quirla direkt neben der Zufahrt zum Autohaus. Die Anfahrt durch das Wohngebiet und die Kleing\u00e4rten ist zwar m\u00f6glich, von den Anliegern aber nicht erw\u00fcnscht.<\/p>\n<p><img fetchpriority=\"high\" decoding=\"async\" class=\"aligncenter wp-image-5 size-full\" src=\"https:\/\/cvjm-stadtroda.de\/wp-content\/uploads\/2016\/05\/anfahrt_mittel.jpg\" alt=\"\" width=\"750\" height=\"545\" srcset=\"https:\/\/cvjm-stadtroda.de\/wp-content\/uploads\/2016\/05\/anfahrt_mittel.jpg 750w, https:\/\/cvjm-stadtroda.de\/wp-content\/uploads\/2016\/05\/anfahrt_mittel-300x218.jpg 300w\" sizes=\"(max-width: 750px) 100vw, 750px\" \/><\/p>\n","protected":false},"excerpt":{"rendered":"<p>Die Anfahrt zum Vereinsgel\u00e4nde erfolgt am Besten \u00fcber den Waldweg am Ortsausgang Stadtroda Richtung Quirla direkt neben der Zufahrt zum Autohaus. Die Anfahrt durch das Wohngebiet und die Kleing\u00e4rten ist [&hellip;]<\/p>\n","protected":false},"author":1,"featured_media":0,"parent":0,"menu_order":0,"comment_status":"closed","ping_status":"closed","template":"","meta":{"site-sidebar-layout":"default","site-content-layout":"","ast-site-content-layout":"","site-content-style":"default","site-sidebar-style":"default","ast-global-header-display":"","ast-banner-title-visibility":"","ast-main-header-display":"","ast-hfb-above-header-display":"","ast-hfb-below-header-display":"","ast-hfb-mobile-header-display":"","site-post-title":"","ast-breadcrumbs-content":"","ast-featured-img":"","footer-sml-layout":"","theme-transparent-header-meta":"","adv-header-id-meta":"","stick-header-meta":"","header-above-stick-meta":"","header-main-stick-meta":"","header-below-stick-meta":"","astra-migrate-meta-layouts":"default","ast-page-background-enabled":"default","ast-page-background-meta":{"desktop":{"background-color":"","background-image":"","background-repeat":"repeat","background-position":"center center","background-size":"auto","background-attachment":"scroll","background-type":"","background-media":"","overlay-type":"","overlay-color":"","overlay-gradient":""},"tablet":{"background-color":"","background-image":"","background-repeat":"repeat","background-position":"center center","background-size":"auto","background-attachment":"scroll","background-type":"","background-media":"","overlay-type":"","overlay-color":"","overlay-gradient":""},"mobile":{"background-color":"","background-image":"","background-repeat":"repeat","background-position":"center center","background-size":"auto","background-attachment":"scroll","background-type":"","background-media":"","overlay-type":"","overlay-color":"","overlay-gradient":""}},"ast-content-background-meta":{"desktop":{"background-color":"var(--ast-global-color-5)","background-image":"","background-repeat":"repeat","background-position":"center center","background-size":"auto","background-attachment":"scroll","background-type":"","background-media":"","overlay-type":"","overlay-color":"","overlay-gradient":""},"tablet":{"background-color":"var(--ast-global-color-5)","background-image":"","background-repeat":"repeat","background-position":"center center","background-size":"auto","background-attachment":"scroll","background-type":"","background-media":"","overlay-type":"","overlay-color":"","overlay-gradient":""},"mobile":{"background-color":"var(--ast-global-color-5)","background-image":"","background-repeat":"repeat","background-position":"center center","background-size":"auto","background-attachment":"scroll","background-type":"","background-media":"","overlay-type":"","overlay-color":"","overlay-gradient":""}},"footnotes":""},"class_list":["post-57","page","type-page","status-publish","hentry"],"_links":{"self":[{"href":"https:\/\/cvjm-stadtroda.de\/index.php?rest_route=\/wp\/v2\/pages\/57","targetHints":{"allow":["GET"]}}],"collection":[{"href":"https:\/\/cvjm-stadtroda.de\/index.php?rest_route=\/wp\/v2\/pages"}],"about":[{"href":"https:\/\/cvjm-stadtroda.de\/index.php?rest_route=\/wp\/v2\/types\/page"}],"author":[{"embeddable":true,"href":"https:\/\/cvjm-stadtroda.de\/index.php?rest_route=\/wp\/v2\/users\/1"}],"replies":[{"embeddable":true,"href":"https:\/\/cvjm-stadtroda.de\/index.php?rest_route=%2Fwp%2Fv2%2Fcomments&post=57"}],"version-history":[{"count":4,"href":"https:\/\/cvjm-stadtroda.de\/index.php?rest_route=\/wp\/v2\/pages\/57\/revisions"}],"predecessor-version":[{"id":106,"href":"https:\/\/cvjm-stadtroda.de\/index.php?rest_route=\/wp\/v2\/pages\/57\/revisions\/106"}],"wp:attachment":[{"href":"https:\/\/cvjm-stadtroda.de\/index.php?rest_route=%2Fwp%2Fv2%2Fmedia&parent=57"}],"curies":[{"name":"wp","href":"https:\/\/api.w.org\/{rel}","templated":true}]}}