{"id":24,"date":"2018-05-03T23:59:31","date_gmt":"2018-05-03T22:59:31","guid":{"rendered":"http:\/\/cvjm-stadtroda.de\/?page_id=24"},"modified":"2026-01-08T21:51:33","modified_gmt":"2026-01-08T20:51:33","slug":"test2","status":"publish","type":"page","link":"https:\/\/cvjm-stadtroda.de\/?page_id=24","title":{"rendered":"Mobile Jugendarbeit"},"content":{"rendered":"\t\t<div data-elementor-type=\"wp-page\" data-elementor-id=\"24\" class=\"elementor elementor-24\">\n\t\t\t\t\t\t<section class=\"elementor-section elementor-top-section elementor-element elementor-element-3d5dd47b elementor-section-boxed elementor-section-height-default elementor-section-height-default\" data-id=\"3d5dd47b\" data-element_type=\"section\" data-e-type=\"section\">\n\t\t\t\t\t\t<div class=\"elementor-container elementor-column-gap-default\">\n\t\t\t\t\t<div class=\"elementor-column elementor-col-100 elementor-top-column elementor-element elementor-element-7f9e0939\" data-id=\"7f9e0939\" data-element_type=\"column\" data-e-type=\"column\">\n\t\t\t<div class=\"elementor-widget-wrap elementor-element-populated\">\n\t\t\t\t\t\t<div class=\"elementor-element elementor-element-37aff47d elementor-invisible elementor-widget elementor-widget-text-editor\" data-id=\"37aff47d\" data-element_type=\"widget\" data-e-type=\"widget\" data-settings=\"{&quot;_animation&quot;:&quot;fadeIn&quot;}\" data-widget_type=\"text-editor.default\">\n\t\t\t\t<div class=\"elementor-widget-container\">\n\t\t\t\t\t\t\t\t\t<p><strong>Mobile Jugendarbeit in den VGs Bad Klosterlausnitz, Hermsdorf und Stadtroda<\/strong><\/p><p>Mobile Jugendarbeit (auch: Gebietsjugendpflege) &#8211; das ist die Zusammenarbeit mit bestehenden Jugendh\u00e4usern, Jugendclubs und \u2013vereinen in der Region.<br \/>Wir geben Tipps zu F\u00f6rdermitteln, Unterst\u00fctzungsm\u00f6glichkeiten und rechtlichen Fragen.<br \/>Dieses Angebot richtet sich auch an B\u00fcrgermeister(innen) und die Verwaltung der Orte, wenn z.B. ein Jugendtreff neu aufgebaut werden soll. Wie die W\u00fcnsche und Bedarfe von Kindern und Jugendlichen ermittelt werden, kann dabei ganz unterschiedlich aussehen (z.B. Umfragen vor Ort, Skaterforum in Hermsdorf, Sozialraumtreffen usw.).<\/p><p>Neben weiteren Informationen zu Jugendschutz, Jugendberufshilfe, Beratungsstellen etc. kann die mobile Jugendarbeit ganz praktisch bei der Vorbereitung und Durchf\u00fchrung von Veranstaltungen unterst\u00fctzen.<\/p><p>Als Teil des Jugendkompetenzzentrums (JuKom) Mitte im Saale-Holzland-Kreis werden regelm\u00e4\u00dfig gemeinsame Veranstaltungen durchgef\u00fchrt (Ferienaktionen, Kennlerntage in Schulen, Aktion \u201eKinder in die Rath\u00e4user\u201c etc.). Zusammenarbeit besteht ebenfalls mit dem Jugendbeirat, dem Kreissportbund und verschiedenen Jugendfeuerwehren im Landkreis.<\/p><p><span style=\"font-size: 18px;\"><i>Aktuell wird diese Stelle ausgeschrieben.<\/i><\/span><\/p>\t\t\t\t\t\t\t\t<\/div>\n\t\t\t\t<\/div>\n\t\t\t\t<div class=\"elementor-element elementor-element-032232d elementor-widget elementor-widget-spacer\" data-id=\"032232d\" data-element_type=\"widget\" data-e-type=\"widget\" data-widget_type=\"spacer.default\">\n\t\t\t\t<div class=\"elementor-widget-container\">\n\t\t\t\t\t\t\t<div class=\"elementor-spacer\">\n\t\t\t<div class=\"elementor-spacer-inner\"><\/div>\n\t\t<\/div>\n\t\t\t\t\t\t<\/div>\n\t\t\t\t<\/div>\n\t\t\t\t\t<\/div>\n\t\t<\/div>\n\t\t\t\t\t<\/div>\n\t\t<\/section>\n\t\t\t\t<\/div>\n\t\t","protected":false},"excerpt":{"rendered":"<p>Mobile Jugendarbeit in den VGs Bad Klosterlausnitz, Hermsdorf und Stadtroda Mobile Jugendarbeit (auch: Gebietsjugendpflege) &#8211; das ist die Zusammenarbeit mit bestehenden Jugendh\u00e4usern, Jugendclubs und \u2013vereinen in der Region.Wir geben Tipps [&hellip;]<\/p>\n","protected":false},"author":1,"featured_media":0,"parent":0,"menu_order":0,"comment_status":"closed","ping_status":"closed","template":"","meta":{"site-sidebar-layout":"default","site-content-layout":"","ast-site-content-layout":"","site-content-style":"default","site-sidebar-style":"default","ast-global-header-display":"","ast-banner-title-visibility":"","ast-main-header-display":"","ast-hfb-above-header-display":"","ast-hfb-below-header-display":"","ast-hfb-mobile-header-display":"","site-post-title":"","ast-breadcrumbs-content":"","ast-featured-img":"","footer-sml-layout":"","theme-transparent-header-meta":"","adv-header-id-meta":"","stick-header-meta":"","header-above-stick-meta":"","header-main-stick-meta":"","header-below-stick-meta":"","astra-migrate-meta-layouts":"default","ast-page-background-enabled":"default","ast-page-background-meta":{"desktop":{"background-color":"","background-image":"","background-repeat":"repeat","background-position":"center center","background-size":"auto","background-attachment":"scroll","background-type":"","background-media":"","overlay-type":"","overlay-color":"","overlay-gradient":""},"tablet":{"background-color":"","background-image":"","background-repeat":"repeat","background-position":"center center","background-size":"auto","background-attachment":"scroll","background-type":"","background-media":"","overlay-type":"","overlay-color":"","overlay-gradient":""},"mobile":{"background-color":"","background-image":"","background-repeat":"repeat","background-position":"center center","background-size":"auto","background-attachment":"scroll","background-type":"","background-media":"","overlay-type":"","overlay-color":"","overlay-gradient":""}},"ast-content-background-meta":{"desktop":{"background-color":"var(--ast-global-color-5)","background-image":"","background-repeat":"repeat","background-position":"center center","background-size":"auto","background-attachment":"scroll","background-type":"","background-media":"","overlay-type":"","overlay-color":"","overlay-gradient":""},"tablet":{"background-color":"var(--ast-global-color-5)","background-image":"","background-repeat":"repeat","background-position":"center center","background-size":"auto","background-attachment":"scroll","background-type":"","background-media":"","overlay-type":"","overlay-color":"","overlay-gradient":""},"mobile":{"background-color":"var(--ast-global-color-5)","background-image":"","background-repeat":"repeat","background-position":"center center","background-size":"auto","background-attachment":"scroll","background-type":"","background-media":"","overlay-type":"","overlay-color":"","overlay-gradient":""}},"footnotes":""},"class_list":["post-24","page","type-page","status-publish","hentry"],"_links":{"self":[{"href":"https:\/\/cvjm-stadtroda.de\/index.php?rest_route=\/wp\/v2\/pages\/24","targetHints":{"allow":["GET"]}}],"collection":[{"href":"https:\/\/cvjm-stadtroda.de\/index.php?rest_route=\/wp\/v2\/pages"}],"about":[{"href":"https:\/\/cvjm-stadtroda.de\/index.php?rest_route=\/wp\/v2\/types\/page"}],"author":[{"embeddable":true,"href":"https:\/\/cvjm-stadtroda.de\/index.php?rest_route=\/wp\/v2\/users\/1"}],"replies":[{"embeddable":true,"href":"https:\/\/cvjm-stadtroda.de\/index.php?rest_route=%2Fwp%2Fv2%2Fcomments&post=24"}],"version-history":[{"count":62,"href":"https:\/\/cvjm-stadtroda.de\/index.php?rest_route=\/wp\/v2\/pages\/24\/revisions"}],"predecessor-version":[{"id":464,"href":"https:\/\/cvjm-stadtroda.de\/index.php?rest_route=\/wp\/v2\/pages\/24\/revisions\/464"}],"wp:attachment":[{"href":"https:\/\/cvjm-stadtroda.de\/index.php?rest_route=%2Fwp%2Fv2%2Fmedia&parent=24"}],"curies":[{"name":"wp","href":"https:\/\/api.w.org\/{rel}","templated":true}]}}